{"id":3749,"date":"2017-01-24T08:08:38","date_gmt":"2017-01-24T08:08:38","guid":{"rendered":"http:\/\/rentacarplatinum.com\/about-us\/"},"modified":"2024-03-10T17:12:31","modified_gmt":"2024-03-10T16:12:31","slug":"o-nama","status":"publish","type":"page","link":"https:\/\/rentacarplatinum.me\/sr\/o-nama\/","title":{"rendered":"O nama"},"content":{"rendered":{},"protected":false},"excerpt":{"rendered":"<p>Mi smo Rent-a-Car Platinum. Najbolja Rent-a-Car agencija u Crnoj Gori U prekrasnom primorskom regionu Boke Kotorske, smje\u0161tena je kompanija &#8220;Platinum rent-a-car&#8221;. Po\u010dela kao mala porodi\u010dna firma sa idejom da ponudi ne\u0161to druga\u010dije, a razvila se u najpopularniju rent-a-car agenciju u [&hellip;]<\/p>\n","protected":false},"author":1,"featured_media":0,"parent":0,"menu_order":0,"comment_status":"closed","ping_status":"closed","template":"","meta":{"footnotes":""},"class_list":["post-3749","page","type-page","status-publish","hentry"],"_links":{"self":[{"href":"https:\/\/rentacarplatinum.me\/sr\/wp-json\/wp\/v2\/pages\/3749","targetHints":{"allow":["GET"]}}],"collection":[{"href":"https:\/\/rentacarplatinum.me\/sr\/wp-json\/wp\/v2\/pages"}],"about":[{"href":"https:\/\/rentacarplatinum.me\/sr\/wp-json\/wp\/v2\/types\/page"}],"author":[{"embeddable":true,"href":"https:\/\/rentacarplatinum.me\/sr\/wp-json\/wp\/v2\/users\/1"}],"replies":[{"embeddable":true,"href":"https:\/\/rentacarplatinum.me\/sr\/wp-json\/wp\/v2\/comments?post=3749"}],"version-history":[{"count":31,"href":"https:\/\/rentacarplatinum.me\/sr\/wp-json\/wp\/v2\/pages\/3749\/revisions"}],"predecessor-version":[{"id":4491,"href":"https:\/\/rentacarplatinum.me\/sr\/wp-json\/wp\/v2\/pages\/3749\/revisions\/4491"}],"wp:attachment":[{"href":"https:\/\/rentacarplatinum.me\/sr\/wp-json\/wp\/v2\/media?parent=3749"}],"curies":[{"name":"wp","href":"https:\/\/api.w.org\/{rel}","templated":true}]}}