{"id":3774,"date":"2017-01-26T08:56:45","date_gmt":"2017-01-26T08:56:45","guid":{"rendered":"http:\/\/rentacarplatinum.com\/home-1\/"},"modified":"2025-07-08T10:25:16","modified_gmt":"2025-07-08T09:25:16","slug":"home-1","status":"publish","type":"page","link":"https:\/\/rentacarplatinum.me\/sr\/","title":{"rendered":"Po\u010detna"},"content":{"rendered":{},"protected":false},"excerpt":{"rendered":"<p>Prona\u0111ite automobil sada Razne pogodnosti za du\u017ei najam Any Brand Audi BMW Mercedes Benz Peugeot Porsche Renaut Toyota Volkswagen Any Type cab Cabrio Caravan Coupe Hatchback Limousine Minivan suv Price Low to High Price High to Low Sort By Model [&hellip;]<\/p>\n","protected":false},"author":1,"featured_media":0,"parent":0,"menu_order":0,"comment_status":"closed","ping_status":"closed","template":"","meta":{"footnotes":""},"class_list":["post-3774","page","type-page","status-publish","hentry"],"_links":{"self":[{"href":"https:\/\/rentacarplatinum.me\/sr\/wp-json\/wp\/v2\/pages\/3774","targetHints":{"allow":["GET"]}}],"collection":[{"href":"https:\/\/rentacarplatinum.me\/sr\/wp-json\/wp\/v2\/pages"}],"about":[{"href":"https:\/\/rentacarplatinum.me\/sr\/wp-json\/wp\/v2\/types\/page"}],"author":[{"embeddable":true,"href":"https:\/\/rentacarplatinum.me\/sr\/wp-json\/wp\/v2\/users\/1"}],"replies":[{"embeddable":true,"href":"https:\/\/rentacarplatinum.me\/sr\/wp-json\/wp\/v2\/comments?post=3774"}],"version-history":[{"count":145,"href":"https:\/\/rentacarplatinum.me\/sr\/wp-json\/wp\/v2\/pages\/3774\/revisions"}],"predecessor-version":[{"id":4894,"href":"https:\/\/rentacarplatinum.me\/sr\/wp-json\/wp\/v2\/pages\/3774\/revisions\/4894"}],"wp:attachment":[{"href":"https:\/\/rentacarplatinum.me\/sr\/wp-json\/wp\/v2\/media?parent=3774"}],"curies":[{"name":"wp","href":"https:\/\/api.w.org\/{rel}","templated":true}]}}