{"id":3804,"date":"2018-06-11T16:01:04","date_gmt":"2018-06-11T15:01:04","guid":{"rendered":"http:\/\/rentacarplatinum.com\/terms-and-conditions\/"},"modified":"2025-07-05T13:52:24","modified_gmt":"2025-07-05T12:52:24","slug":"pravila-i-uslovi-koriscenja","status":"publish","type":"page","link":"https:\/\/rentacarplatinum.me\/sr\/pravila-i-uslovi-koriscenja\/","title":{"rendered":"Pravila i uslovi kori\u0161\u0107enja"},"content":{"rendered":{},"protected":false},"excerpt":{"rendered":"<p>Pravila i uslovi kori\u0161\u0107enja BESPLATNA isporuka vozila (Aerodrom Tivat, Aerodrom Podgorica, Aerodrom \u0106ilipi, Budva, Kotor, Tivat, Bar) Usluge iznajmljivanja vozila sa voza\u010dem Pla\u0107anje unaprijed gotovinom ili kreditnom karticom Depozit nije potreban Da biste produ\u017eili vrijeme iznajmljivanja preko dogovorenog roka, molimo [&hellip;]<\/p>\n","protected":false},"author":1,"featured_media":0,"parent":0,"menu_order":0,"comment_status":"closed","ping_status":"closed","template":"","meta":{"footnotes":""},"class_list":["post-3804","page","type-page","status-publish","hentry"],"_links":{"self":[{"href":"https:\/\/rentacarplatinum.me\/sr\/wp-json\/wp\/v2\/pages\/3804","targetHints":{"allow":["GET"]}}],"collection":[{"href":"https:\/\/rentacarplatinum.me\/sr\/wp-json\/wp\/v2\/pages"}],"about":[{"href":"https:\/\/rentacarplatinum.me\/sr\/wp-json\/wp\/v2\/types\/page"}],"author":[{"embeddable":true,"href":"https:\/\/rentacarplatinum.me\/sr\/wp-json\/wp\/v2\/users\/1"}],"replies":[{"embeddable":true,"href":"https:\/\/rentacarplatinum.me\/sr\/wp-json\/wp\/v2\/comments?post=3804"}],"version-history":[{"count":35,"href":"https:\/\/rentacarplatinum.me\/sr\/wp-json\/wp\/v2\/pages\/3804\/revisions"}],"predecessor-version":[{"id":4825,"href":"https:\/\/rentacarplatinum.me\/sr\/wp-json\/wp\/v2\/pages\/3804\/revisions\/4825"}],"wp:attachment":[{"href":"https:\/\/rentacarplatinum.me\/sr\/wp-json\/wp\/v2\/media?parent=3804"}],"curies":[{"name":"wp","href":"https:\/\/api.w.org\/{rel}","templated":true}]}}