{"id":3839,"date":"2017-01-26T07:46:45","date_gmt":"2017-01-26T07:46:45","guid":{"rendered":"http:\/\/rentacarplatinum.com\/excursions\/"},"modified":"2019-06-21T16:50:33","modified_gmt":"2019-06-21T15:50:33","slug":"izleti","status":"publish","type":"page","link":"https:\/\/rentacarplatinum.me\/sr\/izleti\/","title":{"rendered":"Izleti"},"content":{"rendered":{},"protected":false},"excerpt":{"rendered":"<p>Preporu\u010dujemo da posjetite Bokokotorski zaliv Krstarenje po\u010dinje u tivatskoj luci &#8220;Pine&#8221; u 10 sati ujutru. Tokom plovidbe prolazimo pored ostrva Sv. Marko i Ostrva cvije\u0107a kao i prekrasnih primorskih sela Kra\u0161i\u0107i, Rose i Lu\u0161tica. Na kraju ovog dijela putovanja, uplovi\u0107emo [&hellip;]<\/p>\n","protected":false},"author":1,"featured_media":3841,"parent":0,"menu_order":0,"comment_status":"closed","ping_status":"closed","template":"","meta":{"footnotes":""},"class_list":["post-3839","page","type-page","status-publish","has-post-thumbnail","hentry"],"_links":{"self":[{"href":"https:\/\/rentacarplatinum.me\/sr\/wp-json\/wp\/v2\/pages\/3839","targetHints":{"allow":["GET"]}}],"collection":[{"href":"https:\/\/rentacarplatinum.me\/sr\/wp-json\/wp\/v2\/pages"}],"about":[{"href":"https:\/\/rentacarplatinum.me\/sr\/wp-json\/wp\/v2\/types\/page"}],"author":[{"embeddable":true,"href":"https:\/\/rentacarplatinum.me\/sr\/wp-json\/wp\/v2\/users\/1"}],"replies":[{"embeddable":true,"href":"https:\/\/rentacarplatinum.me\/sr\/wp-json\/wp\/v2\/comments?post=3839"}],"version-history":[{"count":26,"href":"https:\/\/rentacarplatinum.me\/sr\/wp-json\/wp\/v2\/pages\/3839\/revisions"}],"predecessor-version":[{"id":4257,"href":"https:\/\/rentacarplatinum.me\/sr\/wp-json\/wp\/v2\/pages\/3839\/revisions\/4257"}],"wp:featuredmedia":[{"embeddable":true,"href":"https:\/\/rentacarplatinum.me\/sr\/wp-json\/wp\/v2\/media\/3841"}],"wp:attachment":[{"href":"https:\/\/rentacarplatinum.me\/sr\/wp-json\/wp\/v2\/media?parent=3839"}],"curies":[{"name":"wp","href":"https:\/\/api.w.org\/{rel}","templated":true}]}}