{"id":3867,"date":"2017-01-24T09:05:32","date_gmt":"2017-01-24T09:05:32","guid":{"rendered":"http:\/\/rentacarplatinum.com\/contact-us\/"},"modified":"2025-07-05T14:00:39","modified_gmt":"2025-07-05T13:00:39","slug":"kontaktirajte-nas","status":"publish","type":"page","link":"https:\/\/rentacarplatinum.me\/sr\/kontaktirajte-nas\/","title":{"rendered":"Kontaktirajte nas"},"content":{"rendered":{},"protected":false},"excerpt":{"rendered":"<p>Popunite obrazac i po\u0161aljite nam zahtjev. Dobi\u0107ete odgovor vrlo brzo Dodajte svoje ime* Va\u0161 Email* Predmet Va\u0161a poruka Adresa Dobrota 210 85330 Kotor, Crna Gora Kontakt +382 67 410 593 E-mail: platinumcar@t-com.me<\/p>\n","protected":false},"author":1,"featured_media":4720,"parent":0,"menu_order":0,"comment_status":"closed","ping_status":"closed","template":"","meta":{"footnotes":""},"class_list":["post-3867","page","type-page","status-publish","has-post-thumbnail","hentry"],"_links":{"self":[{"href":"https:\/\/rentacarplatinum.me\/sr\/wp-json\/wp\/v2\/pages\/3867","targetHints":{"allow":["GET"]}}],"collection":[{"href":"https:\/\/rentacarplatinum.me\/sr\/wp-json\/wp\/v2\/pages"}],"about":[{"href":"https:\/\/rentacarplatinum.me\/sr\/wp-json\/wp\/v2\/types\/page"}],"author":[{"embeddable":true,"href":"https:\/\/rentacarplatinum.me\/sr\/wp-json\/wp\/v2\/users\/1"}],"replies":[{"embeddable":true,"href":"https:\/\/rentacarplatinum.me\/sr\/wp-json\/wp\/v2\/comments?post=3867"}],"version-history":[{"count":36,"href":"https:\/\/rentacarplatinum.me\/sr\/wp-json\/wp\/v2\/pages\/3867\/revisions"}],"predecessor-version":[{"id":4833,"href":"https:\/\/rentacarplatinum.me\/sr\/wp-json\/wp\/v2\/pages\/3867\/revisions\/4833"}],"wp:featuredmedia":[{"embeddable":true,"href":"https:\/\/rentacarplatinum.me\/sr\/wp-json\/wp\/v2\/media\/4720"}],"wp:attachment":[{"href":"https:\/\/rentacarplatinum.me\/sr\/wp-json\/wp\/v2\/media?parent=3867"}],"curies":[{"name":"wp","href":"https:\/\/api.w.org\/{rel}","templated":true}]}}